{"id":714,"date":"2018-09-28T09:59:04","date_gmt":"2018-09-28T08:59:04","guid":{"rendered":"https:\/\/novasteportho.d\/?page_id=714"},"modified":"2026-02-23T14:53:21","modified_gmt":"2026-02-23T14:53:21","slug":"register","status":"publish","type":"page","link":"https:\/\/gfas.novasteportho.com\/fr\/register\/","title":{"rendered":"Inscription"},"content":{"rendered":"<p style=\"text-align: justify;\">Nous vous remercions de l\u2019int\u00e9r\u00eat que vous portez au Symposium GFAS \u00e9dition 2027<em>,\u00a0<\/em>02-03 avril Rome, Italie. Merci de bien vouloir consulter les options d\u2019inscriptions ci-dessous avant de confirmer votre choix.<\/p>\n<p style=\"text-align: justify;\">Toutes les inscriptions doivent \u00eatre accompagn\u00e9es de votre paiement en ligne par carte bancaire\/carte de cr\u00e9dit (Visa, MasterCard, American Express, Discover ou Diners Club). Les inscriptions sans r\u00e8glement ne seront pas trait\u00e9es. <strong>Si l&rsquo;\u00e9v\u00e9nement devait \u00eatre annul\u00e9 pour cause de COVID, un report ou un remboursement, selon la demande, sera effectu\u00e9.<\/strong><\/p>\n<p style=\"text-align: justify;\">Pour obtenir une assistance, nous vous remercions de bien vouloir envoyer un email au bureau Enovis F&amp;A-GFAS \u00e0 <span style=\"color: #c8102e;\"><strong><a style=\"color: #c8102e;\" href=\"mailto:gfas2019@novastep-ortho.com\">gfas-IntFA@enovis.com.<\/a><\/strong><\/span><\/p>\n\n\n<p><\/p>\n","protected":false},"excerpt":{"rendered":"<p>Nous vous remercions de l\u2019int\u00e9r\u00eat que vous portez au Symposium GFAS \u00e9dition 2027,\u00a002-03 avril Rome, Italie. Merci de bien vouloir consulter les options d\u2019inscriptions ci-dessous avant de confirmer votre choix. Toutes les inscriptions doivent \u00eatre accompagn\u00e9es de votre paiement en ligne par carte bancaire\/carte de cr\u00e9dit (Visa, MasterCard, American Express, Discover ou Diners Club). Les &hellip; <a href=\"https:\/\/gfas.novasteportho.com\/fr\/register\/\">Continued<\/a><\/p>\n","protected":false},"author":1,"featured_media":6504,"parent":0,"menu_order":0,"comment_status":"closed","ping_status":"closed","template":"","meta":{"_acf_changed":false,"_monsterinsights_skip_tracking":false,"_monsterinsights_sitenote_active":false,"_monsterinsights_sitenote_note":"","_monsterinsights_sitenote_category":0,"footnotes":""},"class_list":["post-714","page","type-page","status-publish","has-post-thumbnail","hentry"],"acf":[],"_links":{"self":[{"href":"https:\/\/gfas.novasteportho.com\/fr\/wp-json\/wp\/v2\/pages\/714"}],"collection":[{"href":"https:\/\/gfas.novasteportho.com\/fr\/wp-json\/wp\/v2\/pages"}],"about":[{"href":"https:\/\/gfas.novasteportho.com\/fr\/wp-json\/wp\/v2\/types\/page"}],"author":[{"embeddable":true,"href":"https:\/\/gfas.novasteportho.com\/fr\/wp-json\/wp\/v2\/users\/1"}],"replies":[{"embeddable":true,"href":"https:\/\/gfas.novasteportho.com\/fr\/wp-json\/wp\/v2\/comments?post=714"}],"version-history":[{"count":0,"href":"https:\/\/gfas.novasteportho.com\/fr\/wp-json\/wp\/v2\/pages\/714\/revisions"}],"wp:featuredmedia":[{"embeddable":true,"href":"https:\/\/gfas.novasteportho.com\/fr\/wp-json\/wp\/v2\/media\/6504"}],"wp:attachment":[{"href":"https:\/\/gfas.novasteportho.com\/fr\/wp-json\/wp\/v2\/media?parent=714"}],"curies":[{"name":"wp","href":"https:\/\/api.w.org\/{rel}","templated":true}]}}